{"id":5904,"date":"2021-10-20T00:07:42","date_gmt":"2021-10-20T00:07:42","guid":{"rendered":"https:\/\/galayachtagency.com\/?page_id=5904"},"modified":"2023-01-19T10:03:53","modified_gmt":"2023-01-19T10:03:53","slug":"about-us","status":"publish","type":"page","link":"https:\/\/galayachtagency.com\/ru\/about-us\/","title":{"rendered":"\u041e \u043d\u0430\u0441"},"content":{"rendered":"<div id=\"fws_69d4e2b37706e\"  data-column-margin=\"default\" data-midnight=\"dark\"  class=\"wpb_row vc_row-fluid vc_row full-width-section\"  style=\"padding-top: 0px; padding-bottom: 0px; \"><div class=\"row-bg-wrap\" data-bg-animation=\"none\" data-bg-overlay=\"false\"><div class=\"inner-wrap\"><div class=\"row-bg using-bg-color\"  style=\"background-color: #f3f3f5; \"><\/div><\/div><\/div><div class=\"row_col_wrap_12 col span_12 dark left\">\n\t<div  class=\"vc_col-sm-12 wpb_column column_container vc_column_container col no-extra-padding inherit_tablet inherit_phone\"  data-padding-pos=\"all\" data-has-bg-color=\"false\" data-bg-color=\"\" data-bg-opacity=\"1\" data-animation=\"\" data-delay=\"0\" >\n\t\t<div class=\"vc_column-inner\" >\n\t\t\t<div class=\"wpb_wrapper\">\n\t\t\t\t<div class=\"divider-wrap\" data-alignment=\"default\"><div style=\"height: 35px;\" class=\"divider\"><\/div><\/div><div id=\"fws_69d4e2b37760e\" data-midnight=\"\" data-column-margin=\"default\" class=\"wpb_row vc_row-fluid vc_row inner_row\"  style=\"\"><div class=\"row-bg-wrap\"> <div class=\"row-bg\" ><\/div> <\/div><div class=\"row_col_wrap_12_inner col span_12  left\">\n\t<div  class=\"vc_col-sm-12 wpb_column column_container vc_column_container col child_column no-extra-padding inherit_tablet inherit_phone\"   data-padding-pos=\"all\" data-has-bg-color=\"false\" data-bg-color=\"\" data-bg-opacity=\"1\" data-animation=\"\" data-delay=\"0\">\n\t\t<div class=\"vc_column-inner\" >\n\t\t<div class=\"wpb_wrapper\">\n\t\t\t\r\n<div class=\"wpb_text_column wpb_content_element\" >\r\n\t<div class=\"wpb_wrapper\">\r\n\t\t<p style=\"text-align: center;\"><strong>\u041e \u041a\u043e\u043c\u043f\u0430\u043d\u0438\u0438 Gala Yachting\u00a0<\/strong><\/p>\n<p style=\"text-align: center;\"><span style=\"font-weight: 400;\">\u041a\u043e\u043c\u043f\u0430\u043d\u0438\u044f Gala Yachting Travel Ltd.\u0431\u044b\u043b\u0430 \u043e\u0441\u043d\u043e\u0432\u0430\u043d\u0430 \u0432 2004 \u0433\u043e\u0434\u0443 \u0438 \u0438\u043c\u0435\u0435\u0442 3 \u043e\u0444\u0438\u0441\u0430: \u0432 \u0411\u043e\u0434\u0440\u0443\u043c\u0435 \u0438 \u0413\u0451\u0447\u0435\u043a\u0435 \u043d\u0430 \u044e\u0433\u0435 \u0422\u0443\u0440\u0446\u0438\u0438 \u0438 \u0432 \u0412\u0430\u043d\u0441\u0435 \u043d\u0430 \u044e\u0433\u0435 \u0424\u0440\u0430\u043d\u0446\u0438\u0438. <\/span><\/p>\n<p style=\"text-align: center;\"><span style=\"font-weight: 400;\">\u0418\u043c\u0435\u044f 20-\u043b\u0435\u0442\u043d\u0438\u0439 \u043e\u043f\u044b\u0442 \u0432 \u043f\u0440\u043e\u0434\u0430\u0436\u0435 \u044f\u0445\u0442, \u0447\u0430\u0440\u0442\u0435\u0440\u0435 \u044f\u0445\u0442 \u043f\u043e \u0432\u0441\u0435\u043c\u0443 \u043c\u0438\u0440\u0443 \u0438 \u043c\u0435\u043d\u0435\u0434\u0436\u043c\u0435\u043d\u0442\u0435 \u043c\u043e\u0442\u043e\u0440\u043d\u044b\u0445 \u0438 \u043f\u0430\u0440\u0443\u0441\u043d\u044b\u0445 \u044f\u0445\u0442 \u0432 \u0422\u0443\u0440\u0446\u0438\u0438, <\/span><span style=\"font-weight: 400;\">Gala Yacht Agency, \u043f\u0440\u0435\u0434\u043e\u0441\u0442\u0430\u0432\u043b\u044f\u0435\u0442 \u043f\u043e\u043b\u043d\u044b\u0439 \u043d\u0430\u0431\u043e\u0440 \u0443\u0441\u043b\u0443\u0433 \u0434\u043b\u044f \u044f\u0445\u0442 \u0438 \u0432\u043b\u0430\u0434\u0435\u043b\u044c\u0446\u0435\u0432 \u044f\u0445\u0442 \u0432 \u0422\u0443\u0440\u0446\u0438\u0438. <\/span><\/p>\n<p style=\"text-align: center;\"><span style=\"font-weight: 400;\">Gala Yacht Agency \u043f\u0440\u0435\u0434\u043b\u0430\u0433\u0430\u0435\u0442 \u043f\u043e\u043b\u043d\u0443\u044e \u043f\u043e\u0434\u0434\u0435\u0440\u0436\u043a\u0443 \u044f\u0445\u0442 \u0438 \u0441\u0442\u0440\u0435\u043c\u0438\u0442\u0441\u044f \u0441\u0442\u0430\u0442\u044c \u044f\u0445\u0442\u0435\u043d\u043d\u044b\u043c \u0430\u0433\u0435\u043d\u0442\u043e\u043c \u043d\u043e\u043c\u0435\u0440 \u043e\u0434\u0438\u043d \u0434\u043b\u044f \u043a\u0430\u0436\u0434\u043e\u0439 \u044f\u0445\u0442\u044b \u043f\u043e\u0434 \u0438\u043d\u043e\u0441\u0442\u0440\u0430\u043d\u043d\u044b\u043c \u0444\u043b\u0430\u0433\u043e\u043c, \u043f\u043e\u0441\u0442\u043e\u044f\u043d\u043d\u043e \u043d\u0430\u0445\u043e\u0434\u044f\u0449\u0435\u0439\u0441\u044f \u0432 \u0422\u0443\u0440\u0446\u0438\u0438 \u0438\u043b\u0438 \u043a\u0443\u0440\u0441\u0438\u0440\u0443\u044e\u0449\u0435\u0439 \u0432 \u0442\u0443\u0440\u0435\u0446\u043a\u0438\u0445 \u0432\u043e\u0434\u0430\u0445, \u043a\u0430\u043a \u0432 \u0436\u0430\u0440\u043a\u0438\u0439 \u0441\u0440\u0435\u0434\u0438\u0437\u0435\u043c\u043d\u043e\u043c\u043e\u0440\u0441\u043a\u0438\u0439 \u043b\u0435\u0442\u043d\u0438\u0439 \u0441\u0435\u0437\u043e\u043d, \u0442\u0430\u043a \u0438 \u0432 \u0437\u0438\u043c\u043d\u0435\u0435 \u0432\u0440\u0435\u043c\u044f \u0441 \u0441\u0443\u0445\u0438\u043c \u0434\u043e\u043a\u043e\u043c, \u0442\u0435\u0445\u043e\u0431\u0441\u043b\u0443\u0436\u0438\u0432\u0430\u043d\u0438\u0435\u043c \u0438\u043b\u0438 \u0440\u0435\u043c\u043e\u043d\u0442\u043e\u043c \u043d\u0430 \u0432\u0435\u0440\u0444\u0438.<\/span><\/p>\n\t<\/div>\r\n<\/div>\r\n\r\n\r\n\r\n\n\t\t<\/div> \n\t<\/div>\n\t<\/div> \n<\/div><\/div><div class=\"divider-wrap\" data-alignment=\"default\"><div style=\"height: 35px;\" class=\"divider\"><\/div><\/div><div id=\"fws_69d4e2b377b72\" data-midnight=\"\" data-column-margin=\"default\" class=\"wpb_row vc_row-fluid vc_row inner_row\"  style=\"\"><div class=\"row-bg-wrap\"> <div class=\"row-bg\" ><\/div> <\/div><div class=\"row_col_wrap_12_inner col span_12  left\">\n\t<div  class=\"vc_col-sm-4 wpb_column column_container vc_column_container col child_column no-extra-padding inherit_tablet inherit_phone\"   data-padding-pos=\"all\" data-has-bg-color=\"false\" data-bg-color=\"\" data-bg-opacity=\"1\" data-animation=\"\" data-delay=\"0\">\n\t\t<div class=\"vc_column-inner\" >\n\t\t<div class=\"wpb_wrapper\">\n\t\t\t<div class=\"img-with-aniamtion-wrap center\" data-max-width=\"50%\" data-max-width-mobile=\"default\" data-shadow=\"none\" data-animation=\"none\" >\r\n      <div class=\"inner\">\r\n        <div class=\"hover-wrap\"> \r\n          <div class=\"hover-wrap-inner\">\r\n            <img loading=\"lazy\" decoding=\"async\" class=\"img-with-animation skip-lazy\" data-delay=\"0\" height=\"225\" width=\"300\" data-animation=\"none\" src=\"https:\/\/galayachtagency.com\/wp-content\/uploads\/2021\/10\/ulastirma-ve-altyapi-bakanligi-logo-EAFE841884-seeklogo.com_.png\" alt=\"TC Ula\u015ft\u0131rma Bakanl\u0131\u011f\u0131 Logo\"  \/>\r\n          <\/div>\r\n        <\/div>\r\n      <\/div>\r\n    <\/div>\r\n<div class=\"wpb_text_column wpb_content_element\" >\r\n\t<div class=\"wpb_wrapper\">\r\n\t\t<p style=\"text-align: center;\"><strong>\u0417\u0430\u0440\u0435\u0433\u0438\u0441\u0442\u0440\u0438\u0440\u043e\u0432\u0430\u043d\u043d\u044b\u0439 \u042f\u0445\u0442\u0435\u043d\u043d\u044b\u0439 \u0410\u0433\u0435\u043d\u0442<\/strong><\/p>\n<p style=\"text-align: center;\">\u041c\u044b \u044f\u0432\u043b\u044f\u0435\u043c\u0441\u044f \u0437\u0430\u0440\u0435\u0433\u0438\u0441\u0442\u0440\u0438\u0440\u043e\u0432\u0430\u043d\u043d\u044b\u043c \u044f\u0445\u0442\u0435\u043d\u043d\u044b\u043c \u0430\u0433\u0435\u043d\u0442\u0441\u0442\u0432\u043e\u043c, \u0443\u043f\u043e\u043b\u043d\u043e\u043c\u043e\u0447\u0435\u043d\u043d\u044b\u043c \u041c\u0438\u043d\u0438\u0441\u0442\u0435\u0440\u0441\u0442\u0432\u043e\u043c \u0442\u0440\u0430\u043d\u0441\u043f\u043e\u0440\u0442\u0430 \u0441 \u043d\u043e\u043c\u0435\u0440\u043e\u043c \u043b\u0438\u0446\u0435\u043d\u0437\u0438\u0438 1594.<\/p>\n\t<\/div>\r\n<\/div>\r\n\r\n\r\n\r\n\n\t\t<\/div> \n\t<\/div>\n\t<\/div> \n\n\t<div  class=\"vc_col-sm-4 wpb_column column_container vc_column_container col child_column no-extra-padding inherit_tablet inherit_phone\"   data-padding-pos=\"all\" data-has-bg-color=\"false\" data-bg-color=\"\" data-bg-opacity=\"1\" data-animation=\"\" data-delay=\"0\">\n\t\t<div class=\"vc_column-inner\" >\n\t\t<div class=\"wpb_wrapper\">\n\t\t\t<div class=\"img-with-aniamtion-wrap center\" data-max-width=\"50%\" data-max-width-mobile=\"default\" data-shadow=\"none\" data-animation=\"none\" >\r\n      <div class=\"inner\">\r\n        <div class=\"hover-wrap\"> \r\n          <div class=\"hover-wrap-inner\">\r\n            <img loading=\"lazy\" decoding=\"async\" class=\"img-with-animation skip-lazy\" data-delay=\"0\" height=\"225\" width=\"300\" data-animation=\"none\" src=\"https:\/\/galayachtagency.com\/wp-content\/uploads\/2021\/10\/Tursab-Logo.png\" alt=\"Tursab Logo\"  \/>\r\n          <\/div>\r\n        <\/div>\r\n      <\/div>\r\n    <\/div>\r\n<div class=\"wpb_text_column wpb_content_element\" >\r\n\t<div class=\"wpb_wrapper\">\r\n\t\t<p style=\"text-align: center;\"><strong>\u0417\u0430\u0440\u0435\u0433\u0438\u0441\u0442\u0440\u0438\u0440\u043e\u0432\u0430\u043d\u043d\u044b\u0439 \u0422\u0443\u0440\u0430\u0433\u0435\u043d\u0442<\/strong><\/p>\n<p style=\"text-align: center;\"><span style=\"font-weight: 400;\">\u041c\u044b \u044f\u0432\u043b\u044f\u0435\u043c\u0441\u044f \u0437\u0430\u0440\u0435\u0433\u0438\u0441\u0442\u0440\u0438\u0440\u043e\u0432\u0430\u043d\u043d\u044b\u043c \u0442\u0443\u0440\u0438\u0441\u0442\u0438\u0447\u0435\u0441\u043a\u0438\u043c \u0430\u0433\u0435\u043d\u0442\u0441\u0442\u0432\u043e\u043c, \u0443\u043f\u043e\u043b\u043d\u043e\u043c\u043e\u0447\u0435\u043d\u043d\u044b\u043c \u041c\u0438\u043d\u0438\u0441\u0442\u0435\u0440\u0441\u0442\u0432\u043e\u043c \u0442\u0443\u0440\u0438\u0437\u043c\u0430, \u0438 \u0447\u043b\u0435\u043d\u043e\u043c \u0410\u0441\u0441\u043e\u0446\u0438\u0430\u0446\u0438\u0438 \u0442\u0443\u0440\u0438\u0441\u0442\u0438\u0447\u0435\u0441\u043a\u0438\u0445 \u0430\u0433\u0435\u043d\u0442\u0441\u0442\u0432 \u0422\u0443\u0440\u0446\u0438\u0438 \u0441 \u043d\u043e\u043c\u0435\u0440\u043e\u043c \u043b\u0438\u0446\u0435\u043d\u0437\u0438\u0438 5175.<\/span><\/p>\n\t<\/div>\r\n<\/div>\r\n\r\n\r\n\r\n\n\t\t<\/div> \n\t<\/div>\n\t<\/div> \n\n\t<div  class=\"vc_col-sm-4 wpb_column column_container vc_column_container col child_column no-extra-padding inherit_tablet inherit_phone\"   data-padding-pos=\"all\" data-has-bg-color=\"false\" data-bg-color=\"\" data-bg-opacity=\"1\" data-animation=\"\" data-delay=\"0\">\n\t\t<div class=\"vc_column-inner\" >\n\t\t<div class=\"wpb_wrapper\">\n\t\t\t<div class=\"img-with-aniamtion-wrap center\" data-max-width=\"50%\" data-max-width-mobile=\"default\" data-shadow=\"none\" data-animation=\"none\" >\r\n      <div class=\"inner\">\r\n        <div class=\"hover-wrap\"> \r\n          <div class=\"hover-wrap-inner\">\r\n            <img loading=\"lazy\" decoding=\"async\" class=\"img-with-animation skip-lazy\" data-delay=\"0\" height=\"225\" width=\"300\" data-animation=\"none\" src=\"https:\/\/galayachtagency.com\/wp-content\/uploads\/2021\/10\/Turkish-chamber-of-Shipping-logo.png\" alt=\"Turkish chamber of Shipping logo\"  \/>\r\n          <\/div>\r\n        <\/div>\r\n      <\/div>\r\n    <\/div>\r\n<div class=\"wpb_text_column wpb_content_element\" >\r\n\t<div class=\"wpb_wrapper\">\r\n\t\t<p style=\"text-align: center;\"><strong>\u0417\u0430\u0440\u0435\u0433\u0438\u0441\u0442\u0440\u0438\u0440\u043e\u0432\u0430\u043d\u043d\u044b\u0439 \u043c\u043e\u0440\u0441\u043a\u043e\u0439 \u0430\u0433\u0435\u043d\u0442<\/strong><\/p>\n<p style=\"text-align: center;\"><span style=\"font-weight: 400;\">\u041c\u044b \u044f\u0432\u043b\u044f\u0435\u043c\u0441\u044f \u043b\u0438\u0446\u0435\u043d\u0437\u0438\u0440\u043e\u0432\u0430\u043d\u043d\u044b\u043c \u0430\u0433\u0435\u043d\u0442\u043e\u043c \u041f\u0430\u043b\u0430\u0442\u044b \u0421\u0443\u0434\u043e\u0445\u043e\u0434\u0441\u0442\u0432\u0430, \u043a\u043e\u0442\u043e\u0440\u044b\u0439 \u043f\u0440\u0435\u0434\u043e\u0441\u0442\u0430\u0432\u043b\u044f\u0435\u0442 Transit Log \u0437\u0430\u0440\u0435\u0433\u0438\u0441\u0442\u0440\u0438\u0440\u043e\u0432\u0430\u043d\u043d\u044b\u043c \u044f\u0445\u0442\u0435\u043d\u043d\u044b\u043c \u0430\u0433\u0435\u043d\u0442\u0430\u043c \u0438 \u0443\u0447\u0440\u0435\u0436\u0434\u0430\u0435\u0442 \u043c\u043e\u0440\u0441\u043a\u0438\u0435 \u043f\u0440\u0430\u0432\u0438\u043b\u0430 \u0432 \u043a\u043e\u043e\u0440\u0434\u0438\u043d\u0430\u0446\u0438\u0438 \u0441 \u043f\u0440\u0430\u0432\u0438\u0442\u0435\u043b\u044c\u0441\u0442\u0432\u043e\u043c.<\/span><\/p>\n\t<\/div>\r\n<\/div>\r\n\r\n\r\n\r\n\n\t\t<\/div> \n\t<\/div>\n\t<\/div> \n<\/div><\/div>\n\t\t\t<\/div> \n\t\t<\/div>\n\t<\/div> \n<\/div><\/div>\r\n\t\t<div id=\"fws_69d4e2b3790ca\"  data-column-margin=\"default\" data-midnight=\"dark\"  class=\"wpb_row vc_row-fluid vc_row\"  style=\"padding-top: 3px; padding-bottom: 3px; \"><div class=\"row-bg-wrap\" data-bg-animation=\"none\" data-bg-overlay=\"false\"><div class=\"inner-wrap\"><div class=\"row-bg\"  style=\"\"><\/div><\/div><\/div><div class=\"row_col_wrap_12 col span_12 dark left\">\n\t<div  class=\"vc_col-sm-2 wpb_column column_container vc_column_container col no-extra-padding inherit_tablet inherit_phone\"  data-padding-pos=\"all\" data-has-bg-color=\"false\" data-bg-color=\"\" data-bg-opacity=\"1\" data-animation=\"\" data-delay=\"0\" >\n\t\t<div class=\"vc_column-inner\" >\n\t\t\t<div class=\"wpb_wrapper\">\n\t\t\t\t\n\t\t\t<\/div> \n\t\t<\/div>\n\t<\/div> \n\n\t<div  class=\"vc_col-sm-8 wpb_column column_container vc_column_container col no-extra-padding inherit_tablet inherit_phone\"  data-padding-pos=\"all\" data-has-bg-color=\"false\" data-bg-color=\"\" data-bg-opacity=\"1\" data-animation=\"\" data-delay=\"0\" >\n\t\t<div class=\"vc_column-inner\" >\n\t\t\t<div class=\"wpb_wrapper\">\n\t\t\t\t<div class=\"divider-wrap\" data-alignment=\"default\"><div style=\"height: 35px;\" class=\"divider\"><\/div><\/div>\r\n<div class=\"wpb_text_column wpb_content_element\" >\r\n\t<div class=\"wpb_wrapper\">\r\n\t\t<h3 style=\"text-align: center;\"><span style=\"color: #1b1464;\">\u0417\u0430\u043f\u0440\u043e\u0441 \u043a\u043e\u0442\u0438\u0440\u043e\u0432\u043a\u0438 \u043d\u0430 \u0431\u0443\u043d\u043a\u0435\u0440\u043e\u0432\u043a\u0443 \u0442\u043e\u043f\u043b\u0438\u0432\u043e\u043c<\/span><\/h3>\n\t<\/div>\r\n<\/div>\r\n\r\n\r\n\r\n\n\t\t\t<\/div> \n\t\t<\/div>\n\t<\/div> \n\n\t<div  class=\"vc_col-sm-2 wpb_column column_container vc_column_container col no-extra-padding inherit_tablet inherit_phone\"  data-padding-pos=\"all\" data-has-bg-color=\"false\" data-bg-color=\"\" data-bg-opacity=\"1\" data-animation=\"\" data-delay=\"0\" >\n\t\t<div class=\"vc_column-inner\" >\n\t\t\t<div class=\"wpb_wrapper\">\n\t\t\t\t\n\t\t\t<\/div> \n\t\t<\/div>\n\t<\/div> \n<\/div><\/div>","protected":false},"excerpt":{"rendered":"Gala Yachting\u00a0 Gala Yachting Travel Ltd. was established in 2004 and has 3 offices: in Bodrum, Gocek in South of Turkey and Vence in South...","protected":false},"author":2,"featured_media":5819,"parent":0,"menu_order":0,"comment_status":"closed","ping_status":"closed","template":"","meta":{"footnotes":""},"class_list":["post-5904","page","type-page","status-publish","has-post-thumbnail"],"_links":{"self":[{"href":"https:\/\/galayachtagency.com\/ru\/wp-json\/wp\/v2\/pages\/5904"}],"collection":[{"href":"https:\/\/galayachtagency.com\/ru\/wp-json\/wp\/v2\/pages"}],"about":[{"href":"https:\/\/galayachtagency.com\/ru\/wp-json\/wp\/v2\/types\/page"}],"author":[{"embeddable":true,"href":"https:\/\/galayachtagency.com\/ru\/wp-json\/wp\/v2\/users\/2"}],"replies":[{"embeddable":true,"href":"https:\/\/galayachtagency.com\/ru\/wp-json\/wp\/v2\/comments?post=5904"}],"version-history":[{"count":0,"href":"https:\/\/galayachtagency.com\/ru\/wp-json\/wp\/v2\/pages\/5904\/revisions"}],"wp:featuredmedia":[{"embeddable":true,"href":"https:\/\/galayachtagency.com\/ru\/wp-json\/wp\/v2\/media\/5819"}],"wp:attachment":[{"href":"https:\/\/galayachtagency.com\/ru\/wp-json\/wp\/v2\/media?parent=5904"}],"curies":[{"name":"wp","href":"https:\/\/api.w.org\/{rel}","templated":true}]}}